{"id":6076,"date":"2023-08-04T20:39:42","date_gmt":"2023-08-04T20:39:42","guid":{"rendered":"https:\/\/hotelparador.com\/acerca-de\/"},"modified":"2024-05-09T16:34:59","modified_gmt":"2024-05-09T16:34:59","slug":"acerca-de","status":"publish","type":"page","link":"https:\/\/hotelparador.com\/es\/acerca-de\/","title":{"rendered":"Acerca de"},"content":{"rendered":"<div id=\"cs-content\" class=\"cs-content\"><\/div>\n","protected":false},"excerpt":{"rendered":"<p>POSIBILIDADES ILIMITADAS INMERSO EN LA NATURALEZA RESERVA AHORA SUMERGETE EN EL PARAISO DONDE LA NATURALEZA Y EL LUJO SE UNEN AMENITIES TE ENCANTAR\u00c1 DONDE TE LLEVA TU ESTAD\u00cdA VISTAS PANOR\u00c1MICAS HABITACIONES &#038; SUITES ATARDECERES ESPECTACULARES VISTAS INCOMPARABLES GALLERIA RECUERDOS PARA TODA LA VIDA DIVERSI\u00d3N PARA TODA LA FAMILIA TOURS EL BIENESTAR INICIA AQU\u00cd RELAJACI\u00d3N Y REJUVENECIMIENTO SPA DELEITA TU PALADAR &#8230; <a href=\"https:\/\/hotelparador.com\/es\/acerca-de\/\" class=\"more-link\">Read More<\/a><\/p>\n","protected":false},"author":2,"featured_media":0,"parent":0,"menu_order":0,"comment_status":"closed","ping_status":"closed","template":"template-blank-4.php","meta":{"_acf_changed":false,"om_disable_all_campaigns":false,"rs_blank_template":"","rs_page_bg_color":"","slide_template_v7":"","_monsterinsights_skip_tracking":false,"_monsterinsights_sitenote_active":false,"_monsterinsights_sitenote_note":"","_monsterinsights_sitenote_category":0,"_uf_show_specific_survey":0,"_uf_disable_surveys":false,"footnotes":""},"tour":[],"class_list":["post-6076","page","type-page","status-publish","hentry","no-post-thumbnail"],"acf":[],"aioseo_notices":[],"_links":{"self":[{"href":"https:\/\/hotelparador.com\/es\/wp-json\/wp\/v2\/pages\/6076","targetHints":{"allow":["GET"]}}],"collection":[{"href":"https:\/\/hotelparador.com\/es\/wp-json\/wp\/v2\/pages"}],"about":[{"href":"https:\/\/hotelparador.com\/es\/wp-json\/wp\/v2\/types\/page"}],"author":[{"embeddable":true,"href":"https:\/\/hotelparador.com\/es\/wp-json\/wp\/v2\/users\/2"}],"replies":[{"embeddable":true,"href":"https:\/\/hotelparador.com\/es\/wp-json\/wp\/v2\/comments?post=6076"}],"version-history":[{"count":6,"href":"https:\/\/hotelparador.com\/es\/wp-json\/wp\/v2\/pages\/6076\/revisions"}],"predecessor-version":[{"id":6465,"href":"https:\/\/hotelparador.com\/es\/wp-json\/wp\/v2\/pages\/6076\/revisions\/6465"}],"wp:attachment":[{"href":"https:\/\/hotelparador.com\/es\/wp-json\/wp\/v2\/media?parent=6076"}],"wp:term":[{"taxonomy":"tour","embeddable":true,"href":"https:\/\/hotelparador.com\/es\/wp-json\/wp\/v2\/tour?post=6076"}],"curies":[{"name":"wp","href":"https:\/\/api.w.org\/{rel}","templated":true}]}}