{"id":6089,"date":"2017-08-08T13:29:38","date_gmt":"2017-08-08T13:29:38","guid":{"rendered":"https:\/\/hotelparador.com\/habitaciones\/"},"modified":"2024-05-08T00:36:52","modified_gmt":"2024-05-08T00:36:52","slug":"habitaciones","status":"publish","type":"page","link":"https:\/\/hotelparador.com\/es\/habitaciones\/","title":{"rendered":"Habitaciones"},"content":{"rendered":"<div id=\"cs-content\" class=\"cs-content\"><\/div>\n","protected":false},"excerpt":{"rendered":"<p>T\u00f3mese un Momento para Explorar nuestras Habitaciones Con m\u00e1s de 130 habitaciones de hu\u00e9spedes, suites y apartamentos estilo casitas familiares, Parador tiene algo para todos.Parador Nature Resort &amp; Spa Ver nuestras Habitaciones Experimenta un confort y estilo inigualables en nuestras habitaciones meticulosamente dise\u00f1adas. Dise\u00f1adas para satisfacer al viajero moderno, cada habitaci\u00f3n cuenta con una armoniosa fusi\u00f3n de dise\u00f1o contempor\u00e1neo con &#8230; <a href=\"https:\/\/hotelparador.com\/es\/habitaciones\/\" class=\"more-link\">Read More<\/a><\/p>\n","protected":false},"author":2,"featured_media":0,"parent":0,"menu_order":0,"comment_status":"closed","ping_status":"closed","template":"template-blank-4.php","meta":{"_acf_changed":false,"om_disable_all_campaigns":false,"rs_blank_template":"","rs_page_bg_color":"","slide_template_v7":"","_monsterinsights_skip_tracking":false,"_monsterinsights_sitenote_active":false,"_monsterinsights_sitenote_note":"","_monsterinsights_sitenote_category":0,"_uf_show_specific_survey":0,"_uf_disable_surveys":false,"footnotes":""},"tour":[],"class_list":["post-6089","page","type-page","status-publish","hentry","no-post-thumbnail"],"acf":[],"aioseo_notices":[],"_links":{"self":[{"href":"https:\/\/hotelparador.com\/es\/wp-json\/wp\/v2\/pages\/6089","targetHints":{"allow":["GET"]}}],"collection":[{"href":"https:\/\/hotelparador.com\/es\/wp-json\/wp\/v2\/pages"}],"about":[{"href":"https:\/\/hotelparador.com\/es\/wp-json\/wp\/v2\/types\/page"}],"author":[{"embeddable":true,"href":"https:\/\/hotelparador.com\/es\/wp-json\/wp\/v2\/users\/2"}],"replies":[{"embeddable":true,"href":"https:\/\/hotelparador.com\/es\/wp-json\/wp\/v2\/comments?post=6089"}],"version-history":[{"count":8,"href":"https:\/\/hotelparador.com\/es\/wp-json\/wp\/v2\/pages\/6089\/revisions"}],"predecessor-version":[{"id":6392,"href":"https:\/\/hotelparador.com\/es\/wp-json\/wp\/v2\/pages\/6089\/revisions\/6392"}],"wp:attachment":[{"href":"https:\/\/hotelparador.com\/es\/wp-json\/wp\/v2\/media?parent=6089"}],"wp:term":[{"taxonomy":"tour","embeddable":true,"href":"https:\/\/hotelparador.com\/es\/wp-json\/wp\/v2\/tour?post=6089"}],"curies":[{"name":"wp","href":"https:\/\/api.w.org\/{rel}","templated":true}]}}