{"id":6103,"date":"2023-08-23T22:04:58","date_gmt":"2023-08-23T22:04:58","guid":{"rendered":"https:\/\/hotelparador.com\/como-llegar\/"},"modified":"2024-05-09T16:38:09","modified_gmt":"2024-05-09T16:38:09","slug":"como-llegar","status":"publish","type":"page","link":"https:\/\/hotelparador.com\/es\/como-llegar\/","title":{"rendered":"\u00bfC\u00f3mo llegar?"},"content":{"rendered":"<div id=\"cs-content\" class=\"cs-content\"><\/div>\n","protected":false},"excerpt":{"rendered":"<p>Direcciones C\u00f3mo llegar a Parador Vuelos Locales &#8211; Trannsporte Terrestre &#8211; Alquileres de Autos &#8211; Shuttles Parador Nature Resort &amp; Spa est\u00e1 ubicado en la costa del Pac\u00edfico central de Costa Rica, en Manuel Antonio, cerca del pueblo de Quepos. Somos f\u00e1cilmente accesibles desde la capital, San Jos\u00e9, por aire o por carretera. Un vuelo dom\u00e9stico de 20 minutos es &#8230; <a href=\"https:\/\/hotelparador.com\/es\/como-llegar\/\" class=\"more-link\">Read More<\/a><\/p>\n","protected":false},"author":2,"featured_media":0,"parent":0,"menu_order":0,"comment_status":"closed","ping_status":"closed","template":"template-blank-4.php","meta":{"_acf_changed":false,"om_disable_all_campaigns":false,"rs_blank_template":"","rs_page_bg_color":"","slide_template_v7":"","_monsterinsights_skip_tracking":false,"_monsterinsights_sitenote_active":false,"_monsterinsights_sitenote_note":"","_monsterinsights_sitenote_category":0,"_uf_show_specific_survey":0,"_uf_disable_surveys":false,"footnotes":""},"tour":[],"class_list":["post-6103","page","type-page","status-publish","hentry","no-post-thumbnail"],"acf":[],"aioseo_notices":[],"_links":{"self":[{"href":"https:\/\/hotelparador.com\/es\/wp-json\/wp\/v2\/pages\/6103","targetHints":{"allow":["GET"]}}],"collection":[{"href":"https:\/\/hotelparador.com\/es\/wp-json\/wp\/v2\/pages"}],"about":[{"href":"https:\/\/hotelparador.com\/es\/wp-json\/wp\/v2\/types\/page"}],"author":[{"embeddable":true,"href":"https:\/\/hotelparador.com\/es\/wp-json\/wp\/v2\/users\/2"}],"replies":[{"embeddable":true,"href":"https:\/\/hotelparador.com\/es\/wp-json\/wp\/v2\/comments?post=6103"}],"version-history":[{"count":3,"href":"https:\/\/hotelparador.com\/es\/wp-json\/wp\/v2\/pages\/6103\/revisions"}],"predecessor-version":[{"id":6488,"href":"https:\/\/hotelparador.com\/es\/wp-json\/wp\/v2\/pages\/6103\/revisions\/6488"}],"wp:attachment":[{"href":"https:\/\/hotelparador.com\/es\/wp-json\/wp\/v2\/media?parent=6103"}],"wp:term":[{"taxonomy":"tour","embeddable":true,"href":"https:\/\/hotelparador.com\/es\/wp-json\/wp\/v2\/tour?post=6103"}],"curies":[{"name":"wp","href":"https:\/\/api.w.org\/{rel}","templated":true}]}}