{"id":6248,"date":"2023-07-06T19:35:21","date_gmt":"2023-07-06T19:35:21","guid":{"rendered":"https:\/\/hotelparador.com\/vista-suites\/"},"modified":"2025-11-18T18:58:43","modified_gmt":"2025-11-18T18:58:43","slug":"vista-suites","status":"publish","type":"page","link":"https:\/\/hotelparador.com\/es\/vista-suites\/","title":{"rendered":"Vista Suites"},"content":{"rendered":"<div id=\"cs-content\" class=\"cs-content\"><\/div>\n","protected":false},"excerpt":{"rendered":"<p>Duerme Bien Vista Suites Reservaciones Revise disponibilidad Reserve ahoraParador Nature Resort &amp; Spa Vista Suites Ubicadas en el punto m\u00e1s alto del Anexo de Suites, nuestras Suites Vista, que incluyen dos lujosas suites principales, ofrecen vistas panor\u00e1micas inigualables.&nbsp; Estos espacios lujosos cuentan con techos altos y un dise\u00f1o abierto entre la cama y el ba\u00f1o, realzado por una zona de &#8230; <a href=\"https:\/\/hotelparador.com\/es\/vista-suites\/\" class=\"more-link\">Read More<\/a><\/p>\n","protected":false},"author":2,"featured_media":8442,"parent":0,"menu_order":0,"comment_status":"closed","ping_status":"closed","template":"template-blank-4.php","meta":{"_acf_changed":false,"om_disable_all_campaigns":false,"rs_blank_template":"","rs_page_bg_color":"","slide_template_v7":"","_monsterinsights_skip_tracking":false,"_monsterinsights_sitenote_active":false,"_monsterinsights_sitenote_note":"","_monsterinsights_sitenote_category":0,"_uf_show_specific_survey":0,"_uf_disable_surveys":false,"footnotes":""},"tour":[],"class_list":["post-6248","page","type-page","status-publish","has-post-thumbnail","hentry"],"acf":[],"aioseo_notices":[],"_links":{"self":[{"href":"https:\/\/hotelparador.com\/es\/wp-json\/wp\/v2\/pages\/6248","targetHints":{"allow":["GET"]}}],"collection":[{"href":"https:\/\/hotelparador.com\/es\/wp-json\/wp\/v2\/pages"}],"about":[{"href":"https:\/\/hotelparador.com\/es\/wp-json\/wp\/v2\/types\/page"}],"author":[{"embeddable":true,"href":"https:\/\/hotelparador.com\/es\/wp-json\/wp\/v2\/users\/2"}],"replies":[{"embeddable":true,"href":"https:\/\/hotelparador.com\/es\/wp-json\/wp\/v2\/comments?post=6248"}],"version-history":[{"count":8,"href":"https:\/\/hotelparador.com\/es\/wp-json\/wp\/v2\/pages\/6248\/revisions"}],"predecessor-version":[{"id":8952,"href":"https:\/\/hotelparador.com\/es\/wp-json\/wp\/v2\/pages\/6248\/revisions\/8952"}],"wp:featuredmedia":[{"embeddable":true,"href":"https:\/\/hotelparador.com\/es\/wp-json\/wp\/v2\/media\/8442"}],"wp:attachment":[{"href":"https:\/\/hotelparador.com\/es\/wp-json\/wp\/v2\/media?parent=6248"}],"wp:term":[{"taxonomy":"tour","embeddable":true,"href":"https:\/\/hotelparador.com\/es\/wp-json\/wp\/v2\/tour?post=6248"}],"curies":[{"name":"wp","href":"https:\/\/api.w.org\/{rel}","templated":true}]}}