{"id":6251,"date":"2023-07-07T19:10:09","date_gmt":"2023-07-07T19:10:09","guid":{"rendered":"https:\/\/hotelparador.com\/vista-pacifico-suites\/"},"modified":"2024-05-08T15:50:27","modified_gmt":"2024-05-08T15:50:27","slug":"vista-pacifico-suites","status":"publish","type":"page","link":"https:\/\/hotelparador.com\/es\/vista-pacifico-suites\/","title":{"rendered":"Vista Pacifico Suites"},"content":{"rendered":"<div id=\"cs-content\" class=\"cs-content\"><\/div>\n","protected":false},"excerpt":{"rendered":"<p>Duerme Bien Vista Pac\u00edfico Suites For Reservations or to Revise disponibilidad Contactar ReservacionesParador Nature Resort &amp; Spa Vista Pac\u00edfico Suites Sum\u00e9rgete en el lujo supremo de nuestras dos excepcionales suites esquineras. Reflejando las comodidades de las Suites Vista, estos alojamientos extraordinarios ofrecen un panor\u00e1mico expansivo de 260 grados del oc\u00e9ano y la vibrante selva. Un balc\u00f3n ampliado garantiza una mayor &#8230; <a href=\"https:\/\/hotelparador.com\/es\/vista-pacifico-suites\/\" class=\"more-link\">Read More<\/a><\/p>\n","protected":false},"author":2,"featured_media":8430,"parent":0,"menu_order":0,"comment_status":"closed","ping_status":"closed","template":"template-blank-4.php","meta":{"_acf_changed":false,"om_disable_all_campaigns":false,"rs_blank_template":"","rs_page_bg_color":"","slide_template_v7":"","_monsterinsights_skip_tracking":false,"_monsterinsights_sitenote_active":false,"_monsterinsights_sitenote_note":"","_monsterinsights_sitenote_category":0,"_uf_show_specific_survey":0,"_uf_disable_surveys":false,"footnotes":""},"tour":[],"class_list":["post-6251","page","type-page","status-publish","has-post-thumbnail","hentry"],"acf":[],"aioseo_notices":[],"_links":{"self":[{"href":"https:\/\/hotelparador.com\/es\/wp-json\/wp\/v2\/pages\/6251","targetHints":{"allow":["GET"]}}],"collection":[{"href":"https:\/\/hotelparador.com\/es\/wp-json\/wp\/v2\/pages"}],"about":[{"href":"https:\/\/hotelparador.com\/es\/wp-json\/wp\/v2\/types\/page"}],"author":[{"embeddable":true,"href":"https:\/\/hotelparador.com\/es\/wp-json\/wp\/v2\/users\/2"}],"replies":[{"embeddable":true,"href":"https:\/\/hotelparador.com\/es\/wp-json\/wp\/v2\/comments?post=6251"}],"version-history":[{"count":4,"href":"https:\/\/hotelparador.com\/es\/wp-json\/wp\/v2\/pages\/6251\/revisions"}],"predecessor-version":[{"id":6434,"href":"https:\/\/hotelparador.com\/es\/wp-json\/wp\/v2\/pages\/6251\/revisions\/6434"}],"wp:featuredmedia":[{"embeddable":true,"href":"https:\/\/hotelparador.com\/es\/wp-json\/wp\/v2\/media\/8430"}],"wp:attachment":[{"href":"https:\/\/hotelparador.com\/es\/wp-json\/wp\/v2\/media?parent=6251"}],"wp:term":[{"taxonomy":"tour","embeddable":true,"href":"https:\/\/hotelparador.com\/es\/wp-json\/wp\/v2\/tour?post=6251"}],"curies":[{"name":"wp","href":"https:\/\/api.w.org\/{rel}","templated":true}]}}