{"id":6254,"date":"2023-07-07T19:14:36","date_gmt":"2023-07-07T19:14:36","guid":{"rendered":"https:\/\/hotelparador.com\/vista-master-suite\/"},"modified":"2025-06-28T02:19:25","modified_gmt":"2025-06-28T02:19:25","slug":"vista-master-suite","status":"publish","type":"page","link":"https:\/\/hotelparador.com\/es\/vista-master-suite\/","title":{"rendered":"Vista Master Suite"},"content":{"rendered":"<div id=\"cs-content\" class=\"cs-content\"><\/div>\n","protected":false},"excerpt":{"rendered":"<p>Duerme Bien Vista Master Suite Para Reservaciones o para Revisar Disponibilidad Contactar ReservacionesParador Nature Resort &amp; SpaVista Master Suite Experimenta la opulencia en su m\u00e1xima expresi\u00f3n en nuestras dos magn\u00edficas suites principales, que cuentan con vistas de 360 grados del oc\u00e9ano y la encantadora selva, enmarcadas bellamente por amplios ventanales. Cada suite ofrece un amplio dormitorio principal, una lujosa sala &#8230; <a href=\"https:\/\/hotelparador.com\/es\/vista-master-suite\/\" class=\"more-link\">Read More<\/a><\/p>\n","protected":false},"author":2,"featured_media":0,"parent":0,"menu_order":0,"comment_status":"closed","ping_status":"closed","template":"template-blank-4.php","meta":{"_acf_changed":false,"om_disable_all_campaigns":false,"_monsterinsights_skip_tracking":false,"_monsterinsights_sitenote_active":false,"_monsterinsights_sitenote_note":"","_monsterinsights_sitenote_category":0,"_uf_show_specific_survey":0,"_uf_disable_surveys":false,"footnotes":""},"tour":[],"class_list":["post-6254","page","type-page","status-publish","hentry","no-post-thumbnail"],"acf":[],"aioseo_notices":[],"_links":{"self":[{"href":"https:\/\/hotelparador.com\/es\/wp-json\/wp\/v2\/pages\/6254","targetHints":{"allow":["GET"]}}],"collection":[{"href":"https:\/\/hotelparador.com\/es\/wp-json\/wp\/v2\/pages"}],"about":[{"href":"https:\/\/hotelparador.com\/es\/wp-json\/wp\/v2\/types\/page"}],"author":[{"embeddable":true,"href":"https:\/\/hotelparador.com\/es\/wp-json\/wp\/v2\/users\/2"}],"replies":[{"embeddable":true,"href":"https:\/\/hotelparador.com\/es\/wp-json\/wp\/v2\/comments?post=6254"}],"version-history":[{"count":5,"href":"https:\/\/hotelparador.com\/es\/wp-json\/wp\/v2\/pages\/6254\/revisions"}],"predecessor-version":[{"id":8099,"href":"https:\/\/hotelparador.com\/es\/wp-json\/wp\/v2\/pages\/6254\/revisions\/8099"}],"wp:attachment":[{"href":"https:\/\/hotelparador.com\/es\/wp-json\/wp\/v2\/media?parent=6254"}],"wp:term":[{"taxonomy":"tour","embeddable":true,"href":"https:\/\/hotelparador.com\/es\/wp-json\/wp\/v2\/tour?post=6254"}],"curies":[{"name":"wp","href":"https:\/\/api.w.org\/{rel}","templated":true}]}}