{"id":6264,"date":"2023-08-07T20:32:58","date_gmt":"2023-08-07T20:32:58","guid":{"rendered":"https:\/\/hotelparador.com\/responsabilidad-social\/"},"modified":"2025-11-19T03:38:14","modified_gmt":"2025-11-19T03:38:14","slug":"responsabilidad-social","status":"publish","type":"page","link":"https:\/\/hotelparador.com\/es\/responsabilidad-social\/","title":{"rendered":"Responsabilidad Social"},"content":{"rendered":"<div id=\"cs-content\" class=\"cs-content\"><\/div>\n","protected":false},"excerpt":{"rendered":"<p>Parador Nature Resort &amp; Spa Responsabilidad Social Verde y Balanceado Sostenibilidad Amenidades y servicios de clase mundial, sin dejar de lado el compromiso con el medio ambiente. Estamos comprometidos a una filosof\u00eda \u00abverde\u00bb en todas las \u00e1reas del resort, educando e interactuando con nuestro personal, colegas y hu\u00e9spedes en c\u00f3mo cuidad el fr\u00e1gil ecosistema en el que vivimos. Nos adherimos &#8230; <a href=\"https:\/\/hotelparador.com\/es\/responsabilidad-social\/\" class=\"more-link\">Read More<\/a><\/p>\n","protected":false},"author":2,"featured_media":0,"parent":0,"menu_order":0,"comment_status":"closed","ping_status":"closed","template":"template-blank-4.php","meta":{"_acf_changed":false,"om_disable_all_campaigns":false,"rs_blank_template":"","rs_page_bg_color":"","slide_template_v7":"","_monsterinsights_skip_tracking":false,"_monsterinsights_sitenote_active":false,"_monsterinsights_sitenote_note":"","_monsterinsights_sitenote_category":0,"_uf_show_specific_survey":0,"_uf_disable_surveys":false,"footnotes":""},"tour":[],"class_list":["post-6264","page","type-page","status-publish","hentry","no-post-thumbnail"],"acf":[],"aioseo_notices":[],"_links":{"self":[{"href":"https:\/\/hotelparador.com\/es\/wp-json\/wp\/v2\/pages\/6264","targetHints":{"allow":["GET"]}}],"collection":[{"href":"https:\/\/hotelparador.com\/es\/wp-json\/wp\/v2\/pages"}],"about":[{"href":"https:\/\/hotelparador.com\/es\/wp-json\/wp\/v2\/types\/page"}],"author":[{"embeddable":true,"href":"https:\/\/hotelparador.com\/es\/wp-json\/wp\/v2\/users\/2"}],"replies":[{"embeddable":true,"href":"https:\/\/hotelparador.com\/es\/wp-json\/wp\/v2\/comments?post=6264"}],"version-history":[{"count":50,"href":"https:\/\/hotelparador.com\/es\/wp-json\/wp\/v2\/pages\/6264\/revisions"}],"predecessor-version":[{"id":8982,"href":"https:\/\/hotelparador.com\/es\/wp-json\/wp\/v2\/pages\/6264\/revisions\/8982"}],"wp:attachment":[{"href":"https:\/\/hotelparador.com\/es\/wp-json\/wp\/v2\/media?parent=6264"}],"wp:term":[{"taxonomy":"tour","embeddable":true,"href":"https:\/\/hotelparador.com\/es\/wp-json\/wp\/v2\/tour?post=6264"}],"curies":[{"name":"wp","href":"https:\/\/api.w.org\/{rel}","templated":true}]}}