{"id":6267,"date":"2023-08-13T00:00:46","date_gmt":"2023-08-13T00:00:46","guid":{"rendered":"https:\/\/hotelparador.com\/suites\/"},"modified":"2024-05-08T15:47:20","modified_gmt":"2024-05-08T15:47:20","slug":"suites","status":"publish","type":"page","link":"https:\/\/hotelparador.com\/es\/suites\/","title":{"rendered":"Suites"},"content":{"rendered":"<div id=\"cs-content\" class=\"cs-content\"><\/div>\n","protected":false},"excerpt":{"rendered":"<p>T\u00f3mese un momento para Explorar nuestras Suites Con m\u00e1s de 130 habitaciones de hu\u00e9spedes, suites y apartamentos estilo casitas familiares, Parador tiene algo para todos.Parador Nature Resort &amp; Spa Nuestras Espaciosas Suites Eleva tu estad\u00eda en Parador Nature Resort &amp; Spa en una lujosa suite. Cada suite es un testimonio del lujo, ofreciendo amplias \u00e1reas de estar, lujosos ba\u00f1os y &#8230; <a href=\"https:\/\/hotelparador.com\/es\/suites\/\" class=\"more-link\">Read More<\/a><\/p>\n","protected":false},"author":2,"featured_media":0,"parent":0,"menu_order":0,"comment_status":"closed","ping_status":"closed","template":"template-blank-4.php","meta":{"_acf_changed":false,"om_disable_all_campaigns":false,"rs_blank_template":"","rs_page_bg_color":"","slide_template_v7":"","_monsterinsights_skip_tracking":false,"_monsterinsights_sitenote_active":false,"_monsterinsights_sitenote_note":"","_monsterinsights_sitenote_category":0,"_uf_show_specific_survey":0,"_uf_disable_surveys":false,"footnotes":""},"tour":[],"class_list":["post-6267","page","type-page","status-publish","hentry","no-post-thumbnail"],"acf":[],"aioseo_notices":[],"_links":{"self":[{"href":"https:\/\/hotelparador.com\/es\/wp-json\/wp\/v2\/pages\/6267","targetHints":{"allow":["GET"]}}],"collection":[{"href":"https:\/\/hotelparador.com\/es\/wp-json\/wp\/v2\/pages"}],"about":[{"href":"https:\/\/hotelparador.com\/es\/wp-json\/wp\/v2\/types\/page"}],"author":[{"embeddable":true,"href":"https:\/\/hotelparador.com\/es\/wp-json\/wp\/v2\/users\/2"}],"replies":[{"embeddable":true,"href":"https:\/\/hotelparador.com\/es\/wp-json\/wp\/v2\/comments?post=6267"}],"version-history":[{"count":8,"href":"https:\/\/hotelparador.com\/es\/wp-json\/wp\/v2\/pages\/6267\/revisions"}],"predecessor-version":[{"id":6430,"href":"https:\/\/hotelparador.com\/es\/wp-json\/wp\/v2\/pages\/6267\/revisions\/6430"}],"wp:attachment":[{"href":"https:\/\/hotelparador.com\/es\/wp-json\/wp\/v2\/media?parent=6267"}],"wp:term":[{"taxonomy":"tour","embeddable":true,"href":"https:\/\/hotelparador.com\/es\/wp-json\/wp\/v2\/tour?post=6267"}],"curies":[{"name":"wp","href":"https:\/\/api.w.org\/{rel}","templated":true}]}}