{"id":6270,"date":"2023-08-13T00:37:31","date_gmt":"2023-08-13T00:37:31","guid":{"rendered":"https:\/\/hotelparador.com\/preguntas-frecuentes\/"},"modified":"2025-03-11T17:31:19","modified_gmt":"2025-03-11T17:31:19","slug":"preguntas-frecuentes","status":"publish","type":"page","link":"https:\/\/hotelparador.com\/es\/preguntas-frecuentes\/","title":{"rendered":"Preguntas Frecuentes"},"content":{"rendered":"<div id=\"cs-content\" class=\"cs-content\"><\/div>\n","protected":false},"excerpt":{"rendered":"<p>SearchSubmitClear&#x25b8;\u00bfC\u00f3mo llegar a Parador Nature Resort?Google Maps Waze Vuele al aeropuerto regional de Quepos Reserva un shuttle desde\/hacia Parador desde el aeropuerto o cualquier lugar en Costa Rica&#x25b8;\u00bfProveen servicios de transporte desde el aeropuerto?S\u00ed, ofrecemos servicios de transporte terrestre para nuestros hu\u00e9spedes. Por favor contacte a nuestro equipo para coordinar el servicio.&#x25b8;\u00bfC\u00f3mo confirmo que han recibido mi reservaci\u00f3n?Recibir\u00e1 una confirmaci\u00f3n &#8230; <a href=\"https:\/\/hotelparador.com\/es\/preguntas-frecuentes\/\" class=\"more-link\">Read More<\/a><\/p>\n","protected":false},"author":2,"featured_media":0,"parent":0,"menu_order":0,"comment_status":"closed","ping_status":"closed","template":"template-blank-4.php","meta":{"_acf_changed":false,"om_disable_all_campaigns":false,"rs_blank_template":"","rs_page_bg_color":"","slide_template_v7":"","_monsterinsights_skip_tracking":false,"_monsterinsights_sitenote_active":false,"_monsterinsights_sitenote_note":"","_monsterinsights_sitenote_category":0,"_uf_show_specific_survey":0,"_uf_disable_surveys":false,"footnotes":""},"tour":[],"class_list":["post-6270","page","type-page","status-publish","hentry","no-post-thumbnail"],"acf":[],"aioseo_notices":[],"_links":{"self":[{"href":"https:\/\/hotelparador.com\/es\/wp-json\/wp\/v2\/pages\/6270","targetHints":{"allow":["GET"]}}],"collection":[{"href":"https:\/\/hotelparador.com\/es\/wp-json\/wp\/v2\/pages"}],"about":[{"href":"https:\/\/hotelparador.com\/es\/wp-json\/wp\/v2\/types\/page"}],"author":[{"embeddable":true,"href":"https:\/\/hotelparador.com\/es\/wp-json\/wp\/v2\/users\/2"}],"replies":[{"embeddable":true,"href":"https:\/\/hotelparador.com\/es\/wp-json\/wp\/v2\/comments?post=6270"}],"version-history":[{"count":67,"href":"https:\/\/hotelparador.com\/es\/wp-json\/wp\/v2\/pages\/6270\/revisions"}],"predecessor-version":[{"id":7783,"href":"https:\/\/hotelparador.com\/es\/wp-json\/wp\/v2\/pages\/6270\/revisions\/7783"}],"wp:attachment":[{"href":"https:\/\/hotelparador.com\/es\/wp-json\/wp\/v2\/media?parent=6270"}],"wp:term":[{"taxonomy":"tour","embeddable":true,"href":"https:\/\/hotelparador.com\/es\/wp-json\/wp\/v2\/tour?post=6270"}],"curies":[{"name":"wp","href":"https:\/\/api.w.org\/{rel}","templated":true}]}}