{"id":6350,"date":"2017-09-05T11:03:13","date_gmt":"2017-09-05T11:03:13","guid":{"rendered":"https:\/\/hotelparador.com\/pacifica-spa\/"},"modified":"2026-03-21T07:02:52","modified_gmt":"2026-03-21T07:02:52","slug":"pacifica-spa","status":"publish","type":"page","link":"https:\/\/hotelparador.com\/es\/pacifica-spa\/","title":{"rendered":"Pac\u00edfica Spa"},"content":{"rendered":"<div id=\"cs-content\" class=\"cs-content\"><\/div>\n","protected":false},"excerpt":{"rendered":"<p>Refr\u00e9scate &amp; Renu\u00e9vatePac\u00edfica Spa El bienestar es un t\u00e9rmino ampliamente utilizado hoy en d\u00eda, y abarca muchas dimensiones diferentes. No solo se refiere al bienestar f\u00edsico, sino tambi\u00e9n al emocional. En Parador Resort &amp; Spa nos enorgullece proporcionar un ambiente rodeado de naturaleza donde nuestros hu\u00e9spedes pueden desconectarse de su vida diaria descansando, relaj\u00e1ndose, haciendo ejercicio, meditando, conect\u00e1ndose con la &#8230; <a href=\"https:\/\/hotelparador.com\/es\/pacifica-spa\/\" class=\"more-link\">Read More<\/a><\/p>\n","protected":false},"author":2,"featured_media":0,"parent":0,"menu_order":0,"comment_status":"closed","ping_status":"closed","template":"template-blank-4.php","meta":{"_acf_changed":false,"om_disable_all_campaigns":false,"rs_blank_template":"","rs_page_bg_color":"","slide_template_v7":"","_monsterinsights_skip_tracking":false,"_monsterinsights_sitenote_active":false,"_monsterinsights_sitenote_note":"","_monsterinsights_sitenote_category":0,"_uf_show_specific_survey":0,"_uf_disable_surveys":false,"footnotes":""},"tour":[],"class_list":["post-6350","page","type-page","status-publish","hentry","no-post-thumbnail"],"acf":[],"aioseo_notices":[],"_links":{"self":[{"href":"https:\/\/hotelparador.com\/es\/wp-json\/wp\/v2\/pages\/6350","targetHints":{"allow":["GET"]}}],"collection":[{"href":"https:\/\/hotelparador.com\/es\/wp-json\/wp\/v2\/pages"}],"about":[{"href":"https:\/\/hotelparador.com\/es\/wp-json\/wp\/v2\/types\/page"}],"author":[{"embeddable":true,"href":"https:\/\/hotelparador.com\/es\/wp-json\/wp\/v2\/users\/2"}],"replies":[{"embeddable":true,"href":"https:\/\/hotelparador.com\/es\/wp-json\/wp\/v2\/comments?post=6350"}],"version-history":[{"count":20,"href":"https:\/\/hotelparador.com\/es\/wp-json\/wp\/v2\/pages\/6350\/revisions"}],"predecessor-version":[{"id":10253,"href":"https:\/\/hotelparador.com\/es\/wp-json\/wp\/v2\/pages\/6350\/revisions\/10253"}],"wp:attachment":[{"href":"https:\/\/hotelparador.com\/es\/wp-json\/wp\/v2\/media?parent=6350"}],"wp:term":[{"taxonomy":"tour","embeddable":true,"href":"https:\/\/hotelparador.com\/es\/wp-json\/wp\/v2\/tour?post=6350"}],"curies":[{"name":"wp","href":"https:\/\/api.w.org\/{rel}","templated":true}]}}