{"id":6360,"date":"2017-08-08T13:34:55","date_gmt":"2017-08-08T13:34:55","guid":{"rendered":"https:\/\/hotelparador.com\/contacto\/"},"modified":"2024-06-25T18:43:56","modified_gmt":"2024-06-25T18:43:56","slug":"contacto","status":"publish","type":"page","link":"https:\/\/hotelparador.com\/es\/contacto\/","title":{"rendered":"Contacto"},"content":{"rendered":"<div id=\"cs-content\" class=\"cs-content\"><\/div>\n","protected":false},"excerpt":{"rendered":"<p>De nuestra familia a la tuya Esperamos verte. Amigables por naturaleza&#8230; responsables por elecci\u00f3n.Punta Quepos, Manuel Antonio Costa Rica info@hotelparador.com +506 2777-1415 Local +506-8645-1414 Toll Free | WhatsAppDirectorio: Recepci\u00f3n Conserje Informaci\u00f3n tur\u00edstica Bodas y eventos Dinos c\u00f3mo podemos ayudarte&#8230; Su nombre Su correo electr\u00f3nico Asunto Su mensaje (opcional)<\/p>\n","protected":false},"author":2,"featured_media":0,"parent":0,"menu_order":0,"comment_status":"closed","ping_status":"closed","template":"template-blank-4.php","meta":{"_acf_changed":false,"om_disable_all_campaigns":false,"rs_blank_template":"","rs_page_bg_color":"","slide_template_v7":"","_monsterinsights_skip_tracking":false,"_monsterinsights_sitenote_active":false,"_monsterinsights_sitenote_note":"","_monsterinsights_sitenote_category":0,"_uf_show_specific_survey":0,"_uf_disable_surveys":false,"footnotes":""},"tour":[],"class_list":["post-6360","page","type-page","status-publish","hentry","no-post-thumbnail"],"acf":[],"aioseo_notices":[],"_links":{"self":[{"href":"https:\/\/hotelparador.com\/es\/wp-json\/wp\/v2\/pages\/6360","targetHints":{"allow":["GET"]}}],"collection":[{"href":"https:\/\/hotelparador.com\/es\/wp-json\/wp\/v2\/pages"}],"about":[{"href":"https:\/\/hotelparador.com\/es\/wp-json\/wp\/v2\/types\/page"}],"author":[{"embeddable":true,"href":"https:\/\/hotelparador.com\/es\/wp-json\/wp\/v2\/users\/2"}],"replies":[{"embeddable":true,"href":"https:\/\/hotelparador.com\/es\/wp-json\/wp\/v2\/comments?post=6360"}],"version-history":[{"count":17,"href":"https:\/\/hotelparador.com\/es\/wp-json\/wp\/v2\/pages\/6360\/revisions"}],"predecessor-version":[{"id":7332,"href":"https:\/\/hotelparador.com\/es\/wp-json\/wp\/v2\/pages\/6360\/revisions\/7332"}],"wp:attachment":[{"href":"https:\/\/hotelparador.com\/es\/wp-json\/wp\/v2\/media?parent=6360"}],"wp:term":[{"taxonomy":"tour","embeddable":true,"href":"https:\/\/hotelparador.com\/es\/wp-json\/wp\/v2\/tour?post=6360"}],"curies":[{"name":"wp","href":"https:\/\/api.w.org\/{rel}","templated":true}]}}