{"id":6407,"date":"2017-09-05T11:03:28","date_gmt":"2017-09-05T11:03:28","guid":{"rendered":"https:\/\/hotelparador.com\/gastronomia\/"},"modified":"2026-03-21T06:44:10","modified_gmt":"2026-03-21T06:44:10","slug":"gastronomia","status":"publish","type":"page","link":"https:\/\/hotelparador.com\/es\/gastronomia\/","title":{"rendered":"Gastronom\u00eda"},"content":{"rendered":"<div id=\"cs-content\" class=\"cs-content\"><\/div>\n","protected":false},"excerpt":{"rendered":"<p>Explora &amp; Saborea ParadorDeleita tu paladar Casual, Fina Gastronom\u00eda, Cenas Privadas, Room Service &amp; CateringUn para\u00edso para amantes de la Fina Gastronom\u00eda Disfruta de la vista al mar mientras deleitas tu paladar con las opciones gastron\u00f3micas de Parador. Cada uno de nuestros 7 restaurantes ofrece un servicio personalizado y un men\u00fa variado, que va desde sushi y delicias mediterr\u00e1neas hasta &#8230; <a href=\"https:\/\/hotelparador.com\/es\/gastronomia\/\" class=\"more-link\">Read More<\/a><\/p>\n","protected":false},"author":2,"featured_media":0,"parent":0,"menu_order":0,"comment_status":"closed","ping_status":"closed","template":"template-blank-4.php","meta":{"_acf_changed":false,"om_disable_all_campaigns":false,"rs_blank_template":"","rs_page_bg_color":"","slide_template_v7":"","_monsterinsights_skip_tracking":false,"_monsterinsights_sitenote_active":false,"_monsterinsights_sitenote_note":"","_monsterinsights_sitenote_category":0,"_uf_show_specific_survey":0,"_uf_disable_surveys":false,"footnotes":""},"tour":[],"class_list":["post-6407","page","type-page","status-publish","hentry","no-post-thumbnail"],"acf":[],"aioseo_notices":[],"_links":{"self":[{"href":"https:\/\/hotelparador.com\/es\/wp-json\/wp\/v2\/pages\/6407","targetHints":{"allow":["GET"]}}],"collection":[{"href":"https:\/\/hotelparador.com\/es\/wp-json\/wp\/v2\/pages"}],"about":[{"href":"https:\/\/hotelparador.com\/es\/wp-json\/wp\/v2\/types\/page"}],"author":[{"embeddable":true,"href":"https:\/\/hotelparador.com\/es\/wp-json\/wp\/v2\/users\/2"}],"replies":[{"embeddable":true,"href":"https:\/\/hotelparador.com\/es\/wp-json\/wp\/v2\/comments?post=6407"}],"version-history":[{"count":72,"href":"https:\/\/hotelparador.com\/es\/wp-json\/wp\/v2\/pages\/6407\/revisions"}],"predecessor-version":[{"id":10229,"href":"https:\/\/hotelparador.com\/es\/wp-json\/wp\/v2\/pages\/6407\/revisions\/10229"}],"wp:attachment":[{"href":"https:\/\/hotelparador.com\/es\/wp-json\/wp\/v2\/media?parent=6407"}],"wp:term":[{"taxonomy":"tour","embeddable":true,"href":"https:\/\/hotelparador.com\/es\/wp-json\/wp\/v2\/tour?post=6407"}],"curies":[{"name":"wp","href":"https:\/\/api.w.org\/{rel}","templated":true}]}}