{"id":7530,"date":"2024-10-03T18:44:02","date_gmt":"2024-10-03T18:44:02","guid":{"rendered":"https:\/\/hotelparador.com\/eventos\/"},"modified":"2024-10-04T21:52:21","modified_gmt":"2024-10-04T21:52:21","slug":"eventos","status":"publish","type":"page","link":"https:\/\/hotelparador.com\/es\/eventos\/","title":{"rendered":"Eventos"},"content":{"rendered":"<div id=\"cs-content\" class=\"cs-content\"><\/div>\n","protected":false},"excerpt":{"rendered":"<p>Planifica tus eventos corporativos y especiales Cumplea\u00f1os &#8211; Reuniones &#8211; Retiros de empresa e incentivos &nbsp; Celebra tu momentoEventos corporativos y especiales Organiza tu pr\u00f3ximo evento corporativo, celebraci\u00f3n especial o retiro en Parador Nature Resort Spa, donde el lujo se une a la belleza natural de Costa Rica. Tanto si est\u00e1s planeando un retiro de empresa, una conferencia de negocios &#8230; <a href=\"https:\/\/hotelparador.com\/es\/eventos\/\" class=\"more-link\">Read More<\/a><\/p>\n","protected":false},"author":2,"featured_media":0,"parent":0,"menu_order":0,"comment_status":"closed","ping_status":"closed","template":"template-blank-4.php","meta":{"_acf_changed":false,"om_disable_all_campaigns":false,"rs_blank_template":"","rs_page_bg_color":"","slide_template_v7":"","_monsterinsights_skip_tracking":false,"_monsterinsights_sitenote_active":false,"_monsterinsights_sitenote_note":"","_monsterinsights_sitenote_category":0,"_uf_show_specific_survey":0,"_uf_disable_surveys":false,"footnotes":""},"tour":[],"class_list":["post-7530","page","type-page","status-publish","hentry","no-post-thumbnail"],"acf":[],"aioseo_notices":[],"_links":{"self":[{"href":"https:\/\/hotelparador.com\/es\/wp-json\/wp\/v2\/pages\/7530","targetHints":{"allow":["GET"]}}],"collection":[{"href":"https:\/\/hotelparador.com\/es\/wp-json\/wp\/v2\/pages"}],"about":[{"href":"https:\/\/hotelparador.com\/es\/wp-json\/wp\/v2\/types\/page"}],"author":[{"embeddable":true,"href":"https:\/\/hotelparador.com\/es\/wp-json\/wp\/v2\/users\/2"}],"replies":[{"embeddable":true,"href":"https:\/\/hotelparador.com\/es\/wp-json\/wp\/v2\/comments?post=7530"}],"version-history":[{"count":9,"href":"https:\/\/hotelparador.com\/es\/wp-json\/wp\/v2\/pages\/7530\/revisions"}],"predecessor-version":[{"id":7651,"href":"https:\/\/hotelparador.com\/es\/wp-json\/wp\/v2\/pages\/7530\/revisions\/7651"}],"wp:attachment":[{"href":"https:\/\/hotelparador.com\/es\/wp-json\/wp\/v2\/media?parent=7530"}],"wp:term":[{"taxonomy":"tour","embeddable":true,"href":"https:\/\/hotelparador.com\/es\/wp-json\/wp\/v2\/tour?post=7530"}],"curies":[{"name":"wp","href":"https:\/\/api.w.org\/{rel}","templated":true}]}}