{"id":9302,"date":"2025-11-24T20:54:23","date_gmt":"2025-11-24T20:54:23","guid":{"rendered":"https:\/\/hotelparador.com\/directorio\/"},"modified":"2026-05-07T03:20:46","modified_gmt":"2026-05-07T03:20:46","slug":"directorio","status":"publish","type":"page","link":"https:\/\/hotelparador.com\/es\/directorio\/","title":{"rendered":"Directorio"},"content":{"rendered":"<div id=\"cs-content\" class=\"cs-content\"><\/div>\n","protected":false},"excerpt":{"rendered":"<p>Bienvenido aAdd to Home ScreenBienvenido aAgregar a Inicio Espa\u00f1ol English Directorio Telef\u00f3nicoInternal | External Codes\u00bfQu\u00e9 Hay de Nuevo?NovedadesMareas y ClimaDirectorio Telef\u00f3nico#s Internos | ExternosOpciones Gastron\u00f3micasRestaurantes en el resortRoom Service Men\u00fa EXT 628Pac\u00edfica Spa Men\u00fa EXT 653Tours &#038; ExcursionesReserva tu Aventura @ EXT 613Horario Shuttle &#038; Ubicaci\u00f3nParque Manuel Antonio | Playa BiesanzServicios\u00bfQu\u00e9 hacer en Parador?Amenidades\u00bfQu\u00e9 hacer en Parador?PiscinasHorario y DescripcionesSeguridad &amp; &#8230; <a href=\"https:\/\/hotelparador.com\/es\/directorio\/\" class=\"more-link\">Read More<\/a><\/p>\n","protected":false},"author":14,"featured_media":9136,"parent":0,"menu_order":0,"comment_status":"closed","ping_status":"closed","template":"template-blank-6.php","meta":{"_acf_changed":false,"om_disable_all_campaigns":false,"rs_blank_template":"","rs_page_bg_color":"","slide_template_v7":"","_monsterinsights_skip_tracking":false,"_monsterinsights_sitenote_active":false,"_monsterinsights_sitenote_note":"","_monsterinsights_sitenote_category":0,"_uf_show_specific_survey":0,"_uf_disable_surveys":false,"footnotes":""},"tour":[],"class_list":["post-9302","page","type-page","status-publish","has-post-thumbnail","hentry"],"acf":[],"aioseo_notices":[],"_links":{"self":[{"href":"https:\/\/hotelparador.com\/es\/wp-json\/wp\/v2\/pages\/9302","targetHints":{"allow":["GET"]}}],"collection":[{"href":"https:\/\/hotelparador.com\/es\/wp-json\/wp\/v2\/pages"}],"about":[{"href":"https:\/\/hotelparador.com\/es\/wp-json\/wp\/v2\/types\/page"}],"author":[{"embeddable":true,"href":"https:\/\/hotelparador.com\/es\/wp-json\/wp\/v2\/users\/14"}],"replies":[{"embeddable":true,"href":"https:\/\/hotelparador.com\/es\/wp-json\/wp\/v2\/comments?post=9302"}],"version-history":[{"count":174,"href":"https:\/\/hotelparador.com\/es\/wp-json\/wp\/v2\/pages\/9302\/revisions"}],"predecessor-version":[{"id":11084,"href":"https:\/\/hotelparador.com\/es\/wp-json\/wp\/v2\/pages\/9302\/revisions\/11084"}],"wp:featuredmedia":[{"embeddable":true,"href":"https:\/\/hotelparador.com\/es\/wp-json\/wp\/v2\/media\/9136"}],"wp:attachment":[{"href":"https:\/\/hotelparador.com\/es\/wp-json\/wp\/v2\/media?parent=9302"}],"wp:term":[{"taxonomy":"tour","embeddable":true,"href":"https:\/\/hotelparador.com\/es\/wp-json\/wp\/v2\/tour?post=9302"}],"curies":[{"name":"wp","href":"https:\/\/api.w.org\/{rel}","templated":true}]}}