{"id":9371,"date":"2025-12-01T20:22:30","date_gmt":"2025-12-01T20:22:30","guid":{"rendered":"https:\/\/hotelparador.com\/directorio\/restaurantes\/"},"modified":"2026-04-08T17:23:42","modified_gmt":"2026-04-08T17:23:42","slug":"restaurantes","status":"publish","type":"page","link":"https:\/\/hotelparador.com\/es\/directorio\/restaurantes\/","title":{"rendered":"Restaurantes"},"content":{"rendered":"<div id=\"cs-content\" class=\"cs-content\"><\/div>\n","protected":false},"excerpt":{"rendered":"<p>Espa\u00f1ol English Opciones Gastron\u00f3micas Disfruta de la vista al mar mientras deleitas tu paladar con las opciones gastron\u00f3micas de Parador. Cada uno de nuestros restaurantes ofrece un servicio personalizado y un men\u00fa variado, que va desde sushi y delicias mediterr\u00e1neas hasta platos locales. Re\u00fanase para brindar en uno de nuestros cuatro bares o convierta cualquier comida en una experiencia de &#8230; <a href=\"https:\/\/hotelparador.com\/es\/directorio\/restaurantes\/\" class=\"more-link\">Read More<\/a><\/p>\n","protected":false},"author":14,"featured_media":5722,"parent":9302,"menu_order":0,"comment_status":"closed","ping_status":"closed","template":"template-blank-6.php","meta":{"_acf_changed":false,"om_disable_all_campaigns":false,"rs_blank_template":"","rs_page_bg_color":"","slide_template_v7":"","_monsterinsights_skip_tracking":false,"_monsterinsights_sitenote_active":false,"_monsterinsights_sitenote_note":"","_monsterinsights_sitenote_category":0,"_uf_show_specific_survey":0,"_uf_disable_surveys":false,"footnotes":""},"tour":[],"class_list":["post-9371","page","type-page","status-publish","has-post-thumbnail","hentry"],"acf":[],"aioseo_notices":[],"_links":{"self":[{"href":"https:\/\/hotelparador.com\/es\/wp-json\/wp\/v2\/pages\/9371","targetHints":{"allow":["GET"]}}],"collection":[{"href":"https:\/\/hotelparador.com\/es\/wp-json\/wp\/v2\/pages"}],"about":[{"href":"https:\/\/hotelparador.com\/es\/wp-json\/wp\/v2\/types\/page"}],"author":[{"embeddable":true,"href":"https:\/\/hotelparador.com\/es\/wp-json\/wp\/v2\/users\/14"}],"replies":[{"embeddable":true,"href":"https:\/\/hotelparador.com\/es\/wp-json\/wp\/v2\/comments?post=9371"}],"version-history":[{"count":63,"href":"https:\/\/hotelparador.com\/es\/wp-json\/wp\/v2\/pages\/9371\/revisions"}],"predecessor-version":[{"id":10706,"href":"https:\/\/hotelparador.com\/es\/wp-json\/wp\/v2\/pages\/9371\/revisions\/10706"}],"up":[{"embeddable":true,"href":"https:\/\/hotelparador.com\/es\/wp-json\/wp\/v2\/pages\/9302"}],"wp:featuredmedia":[{"embeddable":true,"href":"https:\/\/hotelparador.com\/es\/wp-json\/wp\/v2\/media\/5722"}],"wp:attachment":[{"href":"https:\/\/hotelparador.com\/es\/wp-json\/wp\/v2\/media?parent=9371"}],"wp:term":[{"taxonomy":"tour","embeddable":true,"href":"https:\/\/hotelparador.com\/es\/wp-json\/wp\/v2\/tour?post=9371"}],"curies":[{"name":"wp","href":"https:\/\/api.w.org\/{rel}","templated":true}]}}