{"id":9406,"date":"2025-11-25T01:32:02","date_gmt":"2025-11-25T01:32:02","guid":{"rendered":"https:\/\/hotelparador.com\/directorio\/seguridad-proteccion\/"},"modified":"2025-12-15T22:21:55","modified_gmt":"2025-12-15T22:21:55","slug":"seguridad-proteccion","status":"publish","type":"page","link":"https:\/\/hotelparador.com\/es\/directorio\/seguridad-proteccion\/","title":{"rendered":"Seguridad &amp; Protecci\u00f3n"},"content":{"rendered":"<div id=\"cs-content\" class=\"cs-content\"><\/div>\n","protected":false},"excerpt":{"rendered":"<p>Seguridad &amp; Protecci\u00f3n Su seguridad es nuestra prioridadEn Parador Nature Resort &amp; Spa, la seguridad y el bienestar de nuestros hu\u00e9spedes son de suma importancia. Contamos con medidas de seguridad integrales y procedimientos de emergencia claros para garantizarle una estad\u00eda sin preocupaciones. Esta secci\u00f3n contiene informaci\u00f3n \u00fatil y los pasos a seguir en caso de una emergencia, para que pueda &#8230; <a href=\"https:\/\/hotelparador.com\/es\/directorio\/seguridad-proteccion\/\" class=\"more-link\">Read More<\/a><\/p>\n","protected":false},"author":2,"featured_media":9030,"parent":9302,"menu_order":0,"comment_status":"closed","ping_status":"closed","template":"template-blank-6.php","meta":{"_acf_changed":false,"om_disable_all_campaigns":false,"_monsterinsights_skip_tracking":false,"_monsterinsights_sitenote_active":false,"_monsterinsights_sitenote_note":"","_monsterinsights_sitenote_category":0,"_uf_show_specific_survey":0,"_uf_disable_surveys":false,"footnotes":""},"tour":[],"class_list":["post-9406","page","type-page","status-publish","has-post-thumbnail","hentry"],"acf":[],"aioseo_notices":[],"_links":{"self":[{"href":"https:\/\/hotelparador.com\/es\/wp-json\/wp\/v2\/pages\/9406","targetHints":{"allow":["GET"]}}],"collection":[{"href":"https:\/\/hotelparador.com\/es\/wp-json\/wp\/v2\/pages"}],"about":[{"href":"https:\/\/hotelparador.com\/es\/wp-json\/wp\/v2\/types\/page"}],"author":[{"embeddable":true,"href":"https:\/\/hotelparador.com\/es\/wp-json\/wp\/v2\/users\/2"}],"replies":[{"embeddable":true,"href":"https:\/\/hotelparador.com\/es\/wp-json\/wp\/v2\/comments?post=9406"}],"version-history":[{"count":8,"href":"https:\/\/hotelparador.com\/es\/wp-json\/wp\/v2\/pages\/9406\/revisions"}],"predecessor-version":[{"id":9621,"href":"https:\/\/hotelparador.com\/es\/wp-json\/wp\/v2\/pages\/9406\/revisions\/9621"}],"up":[{"embeddable":true,"href":"https:\/\/hotelparador.com\/es\/wp-json\/wp\/v2\/pages\/9302"}],"wp:featuredmedia":[{"embeddable":true,"href":"https:\/\/hotelparador.com\/es\/wp-json\/wp\/v2\/media\/9030"}],"wp:attachment":[{"href":"https:\/\/hotelparador.com\/es\/wp-json\/wp\/v2\/media?parent=9406"}],"wp:term":[{"taxonomy":"tour","embeddable":true,"href":"https:\/\/hotelparador.com\/es\/wp-json\/wp\/v2\/tour?post=9406"}],"curies":[{"name":"wp","href":"https:\/\/api.w.org\/{rel}","templated":true}]}}