{"id":9427,"date":"2025-11-26T20:56:07","date_gmt":"2025-11-26T20:56:07","guid":{"rendered":"https:\/\/hotelparador.com\/directorio\/aventuras\/"},"modified":"2025-12-15T22:18:39","modified_gmt":"2025-12-15T22:18:39","slug":"aventuras","status":"publish","type":"page","link":"https:\/\/hotelparador.com\/es\/directorio\/aventuras\/","title":{"rendered":"Aventuras"},"content":{"rendered":"<div id=\"cs-content\" class=\"cs-content\"><\/div>\n","protected":false},"excerpt":{"rendered":"<p>Viajes y Aventuras Lorem ipsum dolor sit amet, consectetur adipiscing elit. Pellentesque pretium, nisi ut volutpat mollis, leo risus interdum arcu, eget facilisis quam felis id mauris. Ut convallis.Marca EXT 613 para Reservar un Tour.Las familias y los ni\u00f1os disfrutar\u00e1n de muchas actividades dentro de las instalaciones de Parador, como explorar los senderos, observar la fauna \u00fanica y curiosa, jugar &#8230; <a href=\"https:\/\/hotelparador.com\/es\/directorio\/aventuras\/\" class=\"more-link\">Read More<\/a><\/p>\n","protected":false},"author":14,"featured_media":5692,"parent":9302,"menu_order":0,"comment_status":"closed","ping_status":"closed","template":"template-blank-6.php","meta":{"_acf_changed":false,"om_disable_all_campaigns":false,"rs_blank_template":"","rs_page_bg_color":"","slide_template_v7":"","_monsterinsights_skip_tracking":false,"_monsterinsights_sitenote_active":false,"_monsterinsights_sitenote_note":"","_monsterinsights_sitenote_category":0,"_uf_show_specific_survey":0,"_uf_disable_surveys":false,"footnotes":""},"tour":[],"class_list":["post-9427","page","type-page","status-publish","has-post-thumbnail","hentry"],"acf":[],"aioseo_notices":[],"_links":{"self":[{"href":"https:\/\/hotelparador.com\/es\/wp-json\/wp\/v2\/pages\/9427","targetHints":{"allow":["GET"]}}],"collection":[{"href":"https:\/\/hotelparador.com\/es\/wp-json\/wp\/v2\/pages"}],"about":[{"href":"https:\/\/hotelparador.com\/es\/wp-json\/wp\/v2\/types\/page"}],"author":[{"embeddable":true,"href":"https:\/\/hotelparador.com\/es\/wp-json\/wp\/v2\/users\/14"}],"replies":[{"embeddable":true,"href":"https:\/\/hotelparador.com\/es\/wp-json\/wp\/v2\/comments?post=9427"}],"version-history":[{"count":12,"href":"https:\/\/hotelparador.com\/es\/wp-json\/wp\/v2\/pages\/9427\/revisions"}],"predecessor-version":[{"id":9617,"href":"https:\/\/hotelparador.com\/es\/wp-json\/wp\/v2\/pages\/9427\/revisions\/9617"}],"up":[{"embeddable":true,"href":"https:\/\/hotelparador.com\/es\/wp-json\/wp\/v2\/pages\/9302"}],"wp:featuredmedia":[{"embeddable":true,"href":"https:\/\/hotelparador.com\/es\/wp-json\/wp\/v2\/media\/5692"}],"wp:attachment":[{"href":"https:\/\/hotelparador.com\/es\/wp-json\/wp\/v2\/media?parent=9427"}],"wp:term":[{"taxonomy":"tour","embeddable":true,"href":"https:\/\/hotelparador.com\/es\/wp-json\/wp\/v2\/tour?post=9427"}],"curies":[{"name":"wp","href":"https:\/\/api.w.org\/{rel}","templated":true}]}}